{"id":1361,"date":"2025-11-28T16:05:15","date_gmt":"2025-11-28T14:05:15","guid":{"rendered":"https:\/\/helmify.com\/?post_type=product&#038;p=1361"},"modified":"2026-05-10T13:19:37","modified_gmt":"2026-05-10T11:19:37","slug":"citta","status":"publish","type":"product","link":"https:\/\/helmify.com\/it\/product\/city\/","title":{"rendered":"CITY - Casco per ciclismo urbano"},"content":{"rendered":"<p>CITY combina la leggerezza della costruzione in-mold e la ventilazione avanzata con una differenza rivoluzionaria: la completa personalizzazione. Questo non \u00e8 un casco da ciclismo come tanti. \u00c8 il vostro casco da ciclismo.<\/p>\n<p>Con un peso di soli 280-290 grammi, CITY offre prestazioni di livello agonistico per gli spostamenti quotidiani, i weekend su strada e le avventure in mountain bike. Ventidue fori di ventilazione creano un flusso d'aria ottimale, mentre la schiuma EPS a doppia densit\u00e0 gestisce l'energia d'impatto su tutto lo spettro. Aggiungete il LED integrato opzionale per la visibilit\u00e0 durante le uscite all'alba e al tramonto, oppure applicate la visiera rimovibile quando passate dalla strada al sentiero.<\/p>\n<p>La differenza HELMIFY: La maggior parte dei caschi da ciclismo di alta qualit\u00e0 \u00e8 disponibile in colori standard con grafica fissa. CITY \u00e8 disponibile nei vostri colori e con la vostra grafica. Personalizzate il design della calotta, scegliete la finitura (lucida o opaca), selezionate i colori delle fettucce e delle imbottiture, aggiungete testi o immagini personalizzate. Ogni dettaglio riflette la vostra identit\u00e0, il tutto realizzato con precisione in Europa.<\/p>\n<p>Specifiche tecniche:<br \/>\n- Costruzione del guscio in policarbonato di qualit\u00e0 superiore<br \/>\n- Schiuma EPS a doppia densit\u00e0 per una gestione superiore degli impatti<br \/>\n- 22 fori di ventilazione per il massimo flusso d'aria<br \/>\n- Sistema di illuminazione a LED integrato opzionale<br \/>\n- Visiera rimovibile opzionale<br \/>\n- Sistema di vestibilit\u00e0 facilmente regolabile con rete antiacaro<br \/>\n- Imbottitura di comfort sigillata e rimovibile<br \/>\n- Peso: 280-290gr<br \/>\n- Taglie: SM (55-58 cm), ML (58-61 cm)<br \/>\n- Certificato EN1078:2012+A1:2012<\/p>\n<p><em><strong>Perfetto per: Ciclismo su strada, mountain bike, pendolarismo urbano, cicloturismo, gravel riding!<\/strong><\/em><\/p>\n<p>Per scaricare la certificazione (PDF) per CITY, fare clic su <a href=\"https:\/\/helmify.com\/wp-content\/uploads\/2025\/11\/CERT.CITY_.H78002B.pdf\" target=\"_blank\" rel=\"noopener\">QUI<\/a> .<\/p>","protected":false},"excerpt":{"rendered":"<p>Leggero casco da ciclismo in-mold con 22 prese d'aria, EPS a doppia densit\u00e0, LED e visiera opzionali, completamente personalizzabile con i propri colori e grafiche. Certificato EN1078.<\/p>\n<p><em>Da <strong>\u20ac75,00<\/strong> Il prezzo finale dipende dalla personalizzazione e dal numero totale di pezzi: registrati pentru accedere ai nostri sconti!<\/em><\/p>","protected":false},"featured_media":2424,"comment_status":"closed","ping_status":"closed","template":"","meta":[],"product_brand":[],"product_cat":[38,60,37],"product_tag":[],"class_list":{"0":"post-1361","1":"product","2":"type-product","3":"status-publish","4":"has-post-thumbnail","6":"product_cat-cycling","7":"product_cat-city","8":"product_cat-urban","10":"first","11":"instock","12":"shipping-taxable","13":"purchasable","14":"product-type-simple","15":"product-type-zakeke","16":"product-type-external"},"_links":{"self":[{"href":"https:\/\/helmify.com\/it\/wp-json\/wp\/v2\/product\/1361","targetHints":{"allow":["GET"]}}],"collection":[{"href":"https:\/\/helmify.com\/it\/wp-json\/wp\/v2\/product"}],"about":[{"href":"https:\/\/helmify.com\/it\/wp-json\/wp\/v2\/types\/product"}],"replies":[{"embeddable":true,"href":"https:\/\/helmify.com\/it\/wp-json\/wp\/v2\/comments?post=1361"}],"wp:featuredmedia":[{"embeddable":true,"href":"https:\/\/helmify.com\/it\/wp-json\/wp\/v2\/media\/2424"}],"wp:attachment":[{"href":"https:\/\/helmify.com\/it\/wp-json\/wp\/v2\/media?parent=1361"}],"wp:term":[{"taxonomy":"product_brand","embeddable":true,"href":"https:\/\/helmify.com\/it\/wp-json\/wp\/v2\/product_brand?post=1361"},{"taxonomy":"product_cat","embeddable":true,"href":"https:\/\/helmify.com\/it\/wp-json\/wp\/v2\/product_cat?post=1361"},{"taxonomy":"product_tag","embeddable":true,"href":"https:\/\/helmify.com\/it\/wp-json\/wp\/v2\/product_tag?post=1361"}],"curies":[{"name":"wp","href":"https:\/\/api.w.org\/{rel}","templated":true}]}}