{"id":1105,"date":"2025-11-27T13:18:09","date_gmt":"2025-11-27T11:18:09","guid":{"rendered":"https:\/\/helmify.com\/?page_id=1105"},"modified":"2025-11-28T08:38:06","modified_gmt":"2025-11-28T06:38:06","slug":"cookie-policy","status":"publish","type":"page","link":"https:\/\/helmify.com\/ro\/cookie-policy\/","title":{"rendered":"Politica privind cookie-urile"},"content":{"rendered":"<div data-elementor-type=\"wp-page\" data-elementor-id=\"1105\" class=\"elementor elementor-1105\" data-elementor-post-type=\"page\">\n\t\t\t\t<div class=\"elementor-element elementor-element-4b0af87 e-flex e-con-boxed e-con e-parent\" data-id=\"4b0af87\" data-element_type=\"container\" data-e-type=\"container\">\n\t\t\t\t\t<div class=\"e-con-inner\">\n\t\t\t\t\t<\/div>\n\t\t\t\t<\/div>\n\t\t\t\t<section class=\"elementor-section elementor-top-section elementor-element elementor-element-68e87e4d elementor-section-boxed elementor-section-height-default elementor-section-height-default\" data-id=\"68e87e4d\" data-element_type=\"section\" data-e-type=\"section\" data-settings=\"{&quot;background_background&quot;:&quot;classic&quot;}\">\n\t\t\t\t\t\t\t<div class=\"elementor-background-overlay\"><\/div>\n\t\t\t\t\t\t\t<div class=\"elementor-container elementor-column-gap-no\">\n\t\t\t\t\t<div class=\"elementor-column elementor-col-100 elementor-top-column elementor-element elementor-element-5b882770\" data-id=\"5b882770\" data-element_type=\"column\" data-e-type=\"column\">\n\t\t\t<div class=\"elementor-widget-wrap elementor-element-populated\">\n\t\t\t\t\t\t<section class=\"elementor-section elementor-inner-section elementor-element elementor-element-4c5cae85 elementor-section-boxed elementor-section-height-default elementor-section-height-default\" data-id=\"4c5cae85\" data-element_type=\"section\" data-e-type=\"section\">\n\t\t\t\t\t\t<div class=\"elementor-container elementor-column-gap-no\">\n\t\t\t\t\t<div class=\"elementor-column elementor-col-100 elementor-inner-column elementor-element elementor-element-57b1ed50\" data-id=\"57b1ed50\" data-element_type=\"column\" data-e-type=\"column\">\n\t\t\t<div class=\"elementor-widget-wrap elementor-element-populated\">\n\t\t\t\t\t\t\t<\/div>\n\t\t<\/div>\n\t\t\t\t\t<\/div>\n\t\t<\/section>\n\t\t\t\t<div class=\"elementor-element elementor-element-76f55292 elementor-icon-list--layout-inline elementor-align-center elementor-list-item-link-full_width elementor-widget elementor-widget-icon-list\" data-id=\"76f55292\" data-element_type=\"widget\" data-e-type=\"widget\" data-widget_type=\"icon-list.default\">\n\t\t\t\t\t\t\t<ul class=\"elementor-icon-list-items elementor-inline-items\">\n\t\t\t\t\t\t\t<li class=\"elementor-icon-list-item elementor-inline-item\">\n\t\t\t\t\t\t\t\t\t\t\t<a href=\"https:\/\/helmify.com\/ro\">\n\n\t\t\t\t\t\t\t\t\t\t\t\t<span class=\"elementor-icon-list-icon\">\n\t\t\t\t\t\t\t<svg aria-hidden=\"true\" class=\"e-font-icon-svg e-fas-home\" viewbox=\"0 0 576 512\" xmlns=\"http:\/\/www.w3.org\/2000\/svg\"><path d=\"M280.37 148.26L96 300.11V464a16 16 0 0 0 16 16l112.06-.29a16 16 0 0 0 15.92-16V368a16 16 0 0 1 16-16h64a16 16 0 0 1 16 16v95.64a16 16 0 0 0 16 16.05L464 480a16 16 0 0 0 16-16V300L295.67 148.26a12.19 12.19 0 0 0-15.3 0zM571.6 251.47L488 182.56V44.05a12 12 0 0 0-12-12h-56a12 12 0 0 0-12 12v72.61L318.47 43a48 48 0 0 0-61 0L4.34 251.47a12 12 0 0 0-1.6 16.9l25.5 31A12 12 0 0 0 45.15 301l235.22-193.74a12.19 12.19 0 0 1 15.3 0L530.9 301a12 12 0 0 0 16.9-1.6l25.5-31a12 12 0 0 0-1.7-16.93z\"><\/path><\/svg>\t\t\t\t\t\t<\/span>\n\t\t\t\t\t\t\t\t\t\t<span class=\"elementor-icon-list-text\">home<\/span>\n\t\t\t\t\t\t\t\t\t\t\t<\/a>\n\t\t\t\t\t\t\t\t\t<\/li>\n\t\t\t\t\t\t\t\t<li class=\"elementor-icon-list-item elementor-inline-item\">\n\t\t\t\t\t\t\t\t\t\t\t<span class=\"elementor-icon-list-icon\">\n\t\t\t\t\t\t\t<svg aria-hidden=\"true\" class=\"e-font-icon-svg e-fas-angle-right\" viewbox=\"0 0 256 512\" xmlns=\"http:\/\/www.w3.org\/2000\/svg\"><path d=\"M224.3 273l-136 136c-9.4 9.4-24.6 9.4-33.9 0l-22.6-22.6c-9.4-9.4-9.4-24.6 0-33.9l96.4-96.4-96.4-96.4c-9.4-9.4-9.4-24.6 0-33.9L54.3 103c9.4-9.4 24.6-9.4 33.9 0l136 136c9.5 9.4 9.5 24.6.1 34z\"><\/path><\/svg>\t\t\t\t\t\t<\/span>\n\t\t\t\t\t\t\t\t\t\t<span class=\"elementor-icon-list-text\"><\/span>\n\t\t\t\t\t\t\t\t\t<\/li>\n\t\t\t\t\t\t<\/ul>\n\t\t\t\t\t\t<\/div>\n\t\t\t\t\t<\/div>\n\t\t<\/div>\n\t\t\t\t\t<\/div>\n\t\t<\/section>\n\t\t<div class=\"elementor-element elementor-element-4a96904 e-flex e-con-boxed e-con e-parent\" data-id=\"4a96904\" data-element_type=\"container\" data-e-type=\"container\">\n\t\t\t\t\t<div class=\"e-con-inner\">\n\t\t\t\t<div class=\"elementor-element elementor-element-aea1241 elementor-widget elementor-widget-text-editor\" data-id=\"aea1241\" data-element_type=\"widget\" data-e-type=\"widget\" data-widget_type=\"text-editor.default\">\n\t\t\t\t\t\t\t\t\t<p><strong>Ultima actualizare:<\/strong> 02\/11\/25<\/p><h3>1. Introducere<\/h3><p>Aceast\u0103 Politic\u0103 privind cookie-urile explic\u0103 modul \u00een care HELMIFY (\u201cnoi\u201d, \u201cnou\u0103\u201d sau \u201cal nostru\/a noastr\u0103\/ai no\u0219tri\/ale noastre\u201d) utilizeaz\u0103 cookie-uri \u0219i tehnologii de urm\u0103rire similare pe site-ul nostru web. Aceast\u0103 politic\u0103 trebuie citit\u0103 \u00eempreun\u0103 cu Politica noastr\u0103 de confiden\u021bialitate.<\/p><p><strong>Operator site web:<\/strong> &#8211; <strong>Numele companiei:<\/strong> IZED BETAINVEST SRL \u2013 <strong>Adresa:<\/strong> str. Sarmisegetuza 17-19, Cluj-Napoca, Rom\u00e2nia \u2013 <strong>E-mail:<\/strong> support@helmify.com \u2013 <strong>Telefon:<\/strong> +40 764 987 661<\/p><p>Prin utilizarea site-ului nostru web, sunte\u021bi de acord cu utilizarea cookie-urilor \u00een conformitate cu aceast\u0103 politic\u0103. Pute\u021bi gestiona preferin\u021bele privind cookie-urile \u00een orice moment prin intermediul bannerului nostru privind cookie-urile sau al set\u0103rilor browserului.<\/p><h3>2. Ce sunt cookie-urile?<\/h3><p>Cookie-urile sunt fi\u0219iere text de mici dimensiuni care sunt plasate pe dispozitivul dvs. (computer, smartphone, tablet\u0103) atunci c\u00e2nd vizita\u021bi un site web. Acestea sunt utilizate pe scar\u0103 larg\u0103 pentru a face site-urile web s\u0103 func\u021bioneze mai eficient \u0219i pentru a oferi informa\u021bii proprietarilor de site-uri web.<\/p><p><strong>Tipuri de cookie-uri:<\/strong> &#8211; <strong>Cookie-uri de sesiune:<\/strong> Cookie-uri temporare care expir\u0103 atunci c\u00e2nd \u00eenchide\u021bi browserul \u2013 <strong>Cookie-uri persistente:<\/strong> R\u0103m\u00e2ne\u021bi pe dispozitiv pentru o perioad\u0103 setat\u0103 sau p\u00e2n\u0103 c\u00e2nd le \u0219terge\u021bi \u2013 <strong>Cookie-uri proprii:<\/strong> Setat\u0103 de site-ul web pe care \u00eel vizita\u021bi (HELMIFY) \u2013 <strong>Cookie-uri ter\u021be:<\/strong> Seta\u021bi de serviciile externe pe care le folosim (de exemplu, procesatori de pl\u0103\u021bi, analize)<\/p><h3>3. De ce folosim cookie-uri<\/h3><p>Folosim cookie-uri pentru: \u2013 Activarea func\u021bionalit\u0103\u021bilor esen\u021biale ale site-ului web (co\u0219 de cump\u0103r\u0103turi, finalizarea comenzii) \u2013 Re\u021binerea preferin\u021belor \u0219i set\u0103rilor dvs. \u2013 \u00cen\u021belegerea modului \u00een care utiliza\u021bi site-ul nostru web \u2013 \u00cembun\u0103t\u0103\u021birea experien\u021bei dvs. de utilizator \u2013 Oferirea de con\u021binut \u0219i oferte personalizate \u2013 M\u0103surarea eficien\u021bei campaniilor noastre de marketing \u2013 Asigurarea securit\u0103\u021bii \u0219i prevenirea fraudei<\/p><h3>4. Categorii de cookie-uri pe care le folosim<\/h3><h4>4.1 Cookie-uri strict necesare (\u00eentotdeauna active)<\/h4><p>Aceste cookie-uri sunt esen\u021biale pentru func\u021bionarea site-ului web \u0219i nu pot fi dezactivate.<\/p><p><strong>Scop:<\/strong> \u2013 Activeaz\u0103 func\u021bionalit\u0103\u021bile de baz\u0103 (navigare, acces la zonele securizate) \u2013 Men\u021bine co\u0219ul de cump\u0103r\u0103turi \u00een timpul finaliz\u0103rii comenzii \u2013 Re\u021bine preferin\u021bele de consim\u021b\u0103m\u00e2nt pentru cookie-uri \u2013 Autentific\u0103 utilizatorii \u0219i previne frauda \u2013 Activeaz\u0103 procesarea securizat\u0103 a pl\u0103\u021bilor<\/p><p><strong>Exemple:<\/strong> &#8211; <strong>Cookie-uri de sesiune WooCommerce:<\/strong> Urm\u0103re\u0219te articolele din co\u0219ul t\u0103u \u2013 <strong>Cookie-uri de securitate:<\/strong> Proteja\u021bi \u00eempotriva accesului neautorizat \u2013 <strong>Cookie-uri de echilibrare a \u00eenc\u0103rc\u0103rii:<\/strong> Distribui\u021bi traficul pe servere<\/p><p><strong>Temei juridic:<\/strong> Aceste cookie-uri sunt necesare pentru executarea contractului (procesarea comenzii dvs.) \u0219i nu necesit\u0103 consim\u021b\u0103m\u00e2ntul dvs. \u00een conformitate cu GDPR.<\/p><p><strong>Durat\u0103:<\/strong> Sesiune (\u0219tears\u0103 la \u00eenchiderea browserului) sau p\u00e2n\u0103 la 24 de ore<\/p><h4>4.2 Cookie-uri func\u021bionale (op\u021bionale)<\/h4><p>Aceste cookie-uri \u00eembun\u0103t\u0103\u021besc func\u021bionalitatea \u0219i personalizarea, dar nu sunt esen\u021biale.<\/p><p><strong>Scop:<\/strong> \u2013 Re\u021bine\u021bi preferin\u021bele lingvistice \u2013 Salva\u021bi configura\u021biile de design \u00een configuratorul ZAKEKE \u2013 Re\u021bine\u021bi datele de conectare (dac\u0103 v\u0103 crea\u021bi un cont) \u2013 Personaliza\u021bi con\u021binutul \u00een func\u021bie de preferin\u021bele dvs.<\/p><p><strong>Exemple:<\/strong> &#8211; <strong>Cookie-uri de configura\u021bie ZAKEKE:<\/strong> Salveaz\u0103 progresul \u00een designul c\u0103\u0219tii tale \u2013 <strong>Cookie-uri pentru preferin\u021be lingvistice:<\/strong> Re\u021bine\u021bi limba selectat\u0103 \u2013 <strong>Cookie-uri pentru preferin\u021bele utilizatorului:<\/strong> Set\u0103rile de afi\u0219are ale stoc\u0103rii<\/p><p><strong>Temei juridic:<\/strong> Consim\u021b\u0103m\u00e2nt (pute\u021bi dezactiva aceste cookie-uri)<\/p><p><strong>Durat\u0103:<\/strong> 30 de zile p\u00e2n\u0103 la 12 luni<\/p><p><strong>Impact dac\u0103 este dezactivat:<\/strong> Este posibil s\u0103 fie nevoie s\u0103 reintroduce\u021bi preferin\u021bele la fiecare vizit\u0103; configura\u021biile de design pot s\u0103 nu fie salvate \u00eentre sesiuni.<\/p><h4>4.3 Cookie-uri analitice \u0219i de performan\u021b\u0103 (op\u021bionale)<\/h4><p>Aceste cookie-uri ne ajut\u0103 s\u0103 \u00een\u021belegem cum interac\u021bioneaz\u0103 vizitatorii cu site-ul nostru web.<\/p><p><strong>Scop:<\/strong> \u2013 Num\u0103rarea vizitelor \u0219i a surselor de trafic \u2013 M\u0103surarea performan\u021bei site-ului web \u2013 Identificarea paginilor \u0219i func\u021biilor populare \u2013 \u00cen\u021belegerea comportamentului utilizatorilor \u0219i a modelelor de navigare \u2013 \u00cembun\u0103t\u0103\u021birea designului \u0219i func\u021bionalit\u0103\u021bii site-ului web<\/p><p><strong>Exemple:<\/strong> &#8211; <strong>Google Analytics:<\/strong> Urm\u0103re\u0219te vizualiz\u0103rile paginilor, durata sesiunii, rata de respingere \u2013 Cookie-uri: _ga, _gid, _gat \u2013 Durat\u0103: 2 ani (_ga), 24 de ore (_gid) \u2013 Politica de confiden\u021bialitate: https:\/\/policies.google.com\/privacy<\/p><p><strong>Date colectate (anonimizate):<\/strong> \u2013 Pagini vizitate \u2013 Timpul petrecut pe site \u2013 Tipul dispozitivului \u0219i al browserului \u2013 Loca\u021bia geografic\u0103 (la nivel de \u021bar\u0103\/ora\u0219) \u2013 Sursa de recomandare<\/p><p><strong>Temei juridic:<\/strong> Consim\u021b\u0103m\u00e2nt (pute\u021bi opta s\u0103 nu participa\u021bi)<\/p><p><strong>Impact dac\u0103 este dezactivat:<\/strong> Nu putem m\u0103sura performan\u021ba site-ului web sau \u00eembun\u0103t\u0103\u021bi experien\u021ba utilizatorului pe baza informa\u021biilor ob\u021binute.<\/p><h4>4.4 Cookie-uri de marketing \u0219i publicitate (op\u021bionale)<\/h4><p>Aceste cookie-uri sunt utilizate pentru a difuza reclame relevante \u0219i a m\u0103sura eficacitatea campaniilor.<\/p><p><strong>Scop:<\/strong> \u2013 Afi\u0219eaz\u0103 reclame relevante pe alte site-uri web \u2013 M\u0103soar\u0103 eficien\u021ba campaniilor publicitare \u2013 Limiteaz\u0103 num\u0103rul de afi\u0219\u0103ri ale unei reclame \u2013 Urm\u0103re\u0219te conversiile din reclame<\/p><p><strong>Exemple:<\/strong> &#8211; <strong>Anun\u021buri Google:<\/strong> Urm\u0103re\u0219te clicurile pe anun\u021buri \u0219i conversiile \u2013 Cookie-uri: _gcl_*, IDE \u2013 Durat\u0103: 90 de zile \u2013 Politic\u0103 de confiden\u021bialitate: https:\/\/policies.google.com\/privacy<\/p><ul><li><strong>Pixelul Facebook:<\/strong> Urm\u0103re\u0219te vizitele pe site din reclamele Facebook<ul><li>Cookie-uri: _fbp, fr<\/li><li>Durat\u0103: 90 de zile<\/li><li>Politica de confiden\u021bialitate: https:\/\/www.facebook.com\/privacy\/policy\/<\/li><\/ul><\/li><\/ul><p><strong>Temei juridic:<\/strong> Consim\u021b\u0103m\u00e2nt (pute\u021bi opta s\u0103 nu participa\u021bi)<\/p><p><strong>Impact dac\u0103 este dezactivat:<\/strong> Vei vedea \u00een continuare reclame, dar este posibil ca acestea s\u0103 fie mai pu\u021bin relevante pentru interesele tale.<\/p><h4>4.5 Cookie-uri pentru servicii ter\u021be<\/h4><p>Folosim servicii ter\u021be care pot seta propriile cookie-uri:<\/p><p><strong>Stripe (Procesare pl\u0103\u021bi)<\/strong> &#8211; <strong>Scop:<\/strong> Procesare securizat\u0103 a pl\u0103\u021bilor, prevenirea fraudelor \u2013 <strong>Cookie-uri:<\/strong> __stripe_mid, __stripe_sid \u2013 <strong>Durat\u0103:<\/strong> 1 an (mijlocul), 30 de minute (spre mijlocul) \u2013 <strong>Politica de confiden\u021bialitate:<\/strong> https:\/\/stripe.com\/privacy \u2013 <strong>Temei juridic:<\/strong> Necesar pentru executarea contractului<\/p><p><strong>ZAKEKE (Configurator de design)<\/strong> &#8211; <strong>Scop:<\/strong> Salva\u021bi configura\u021biile de proiectare, activa\u021bi previzualizarea 3D \u2013 <strong>Cookie-uri:<\/strong> Cookie-uri de sesiune ZAKEKE \u2013 <strong>Durat\u0103:<\/strong> Sesiune sau 30 de zile \u2013 <strong>Politica de confiden\u021bialitate:<\/strong> https:\/\/www.zakeke.com\/privacy-policy\/ \u2013 <strong>Temei juridic:<\/strong> Consim\u021b\u0103m\u00e2nt (func\u021bional)<\/p><p><strong>DPD (Urm\u0103rirea expedierilor)<\/strong> &#8211; <strong>Scop:<\/strong> Urm\u0103ri\u021bi starea expedierii \u2013 <strong>Cookie-uri:<\/strong> Poate fi setat la urm\u0103rirea comenzilor \u2013 <strong>Politica de confiden\u021bialitate:<\/strong> https:\/\/www.dpd.com\/group\/en\/privacy-policy\/<\/p><h3>5. Cum s\u0103 gestiona\u021bi cookie-urile<\/h3><p>Ave\u021bi mai multe op\u021biuni pentru a controla \u0219i gestiona cookie-urile:<\/p><h4>5.1 Banner pentru cookie-uri<\/h4><p>C\u00e2nd vizita\u021bi pentru prima dat\u0103 site-ul nostru web, va ap\u0103rea un banner cu module cookie care v\u0103 va solicita consim\u021b\u0103m\u00e2ntul. Pute\u021bi: \u2013 <strong>Accepta\u021bi toate cookie-urile:<\/strong> Permite\u021bi toate categoriile \u2013 <strong>Respinge\u021bi cookie-urile neesen\u021biale:<\/strong> Vor fi utilizate doar cookie-uri strict necesare \u2013 <strong>Personaliza\u021bi preferin\u021bele:<\/strong> Alege\u021bi categoriile pe care dori\u021bi s\u0103 le activa\u021bi<\/p><p>Pute\u021bi modifica preferin\u021bele oric\u00e2nd f\u0103c\u00e2nd clic pe linkul \u201cSet\u0103ri cookie\u201d din subsolul site-ului web.<\/p><h4>5.2 Set\u0103ri browser<\/h4><p>Pute\u021bi controla cookie-urile prin set\u0103rile browserului dvs.:<\/p><p><strong>Google Chrome:<\/strong> 1. Set\u0103ri \u2192 Confiden\u021bialitate \u0219i securitate \u2192 Cookie-uri \u0219i alte date ale site-ului 2. Alege\u021bi op\u021biunea preferat\u0103 sau bloca\u021bi anumite site-uri<\/p><p><strong>Mozilla Firefox:<\/strong> 1. Set\u0103ri \u2192 Confiden\u021bialitate \u0219i securitate \u2192 Cookie-uri \u0219i date despre site 2. Alege\u021bi set\u0103ri standard, stricte sau personalizate<\/p><p><strong>Safari:<\/strong> 1. Preferin\u021be \u2192 Confiden\u021bialitate \u2192 Gestionare date site web 2. Blocare sau eliminare cookie-uri<\/p><p><strong>Microsoft Edge:<\/strong> 1. Set\u0103ri \u2192 Cookie-uri \u0219i permisiuni site \u2192 Cookie-uri \u0219i date site 2. Alege\u021bi op\u021biunea preferat\u0103<\/p><p><strong>Nota:<\/strong> Blocarea tuturor cookie-urilor v\u0103 poate \u00eempiedica s\u0103 utiliza\u021bi func\u021bii esen\u021biale ale site-ului web, cum ar fi co\u0219ul de cump\u0103r\u0103turi \u0219i finalizarea comenzii.<\/p><h4>5.3 Instrumente de dezabonare<\/h4><p><strong>Dezabonare Google Analytics:<\/strong> Instala\u021bi extensia de browser pentru dezactivarea Google Analytics: https:\/\/tools.google.com\/dlpage\/gaoptout<\/p><p><strong>Renun\u021bare la publicitate:<\/strong> &#8211; <strong>Alegerile tale online (UE):<\/strong> https:\/\/www.youronlinechoices.com\/ \u2013 <strong>Ini\u021biativa de publicitate \u00een re\u021bea:<\/strong> https:\/\/optout.networkadvertising.org\/ \u2013 <strong>Alian\u021ba pentru Publicitate Digital\u0103:<\/strong> https:\/\/optout.aboutads.info\/<\/p><h4>5.4 Dispozitive mobile<\/h4><p><strong>iOS (iPhone\/iPad):<\/strong> Set\u0103ri \u2192 Safari \u2192 Blocare toate cookie-urile<\/p><p><strong>Android:<\/strong> Set\u0103ri \u2192 Set\u0103ri site \u2192 Cookie-uri (variaz\u0103 \u00een func\u021bie de browser)<\/p><h3>6. Nu urm\u0103ri\u021bi (DNT)<\/h3><p>Unele browsere ofer\u0103 un semnal \u201cDo Not Track\u201d (DNT). \u00cen prezent, nu exist\u0103 un standard industrial privind modul \u00een care site-urile web ar trebui s\u0103 r\u0103spund\u0103 la semnalele DNT. \u00cen prezent, nu r\u0103spundem la semnalele DNT, dar pute\u021bi gestiona cookie-urile prin metodele descrise mai sus.<\/p><h3>7. Cookie-uri \u0219i date cu caracter personal<\/h3><p>Unele cookie-uri pot colecta date cu caracter personal (de exemplu, adresa IP, comportamentul de navigare). Aceste date sunt prelucrate \u00een conformitate cu Politica noastr\u0103 de confiden\u021bialitate \u0219i cerin\u021bele GDPR.<\/p><p><strong>Drepturile dumneavoastr\u0103:<\/strong> \u2013 Accesarea datelor colectate prin intermediul cookie-urilor \u2013 Solicitarea \u0219tergerii datelor din cookie-uri \u2013 Retragerea consim\u021b\u0103m\u00e2ntului pentru cookie-urile neesen\u021biale \u2013 Opunerea la prelucrarea \u00een scopuri de marketing<\/p><p>Pentru a exercita aceste drepturi, contacta\u021bi-ne la adresa support@helmify.com.<\/p><h3>8. Durata de via\u021b\u0103 a cookie-urilor<\/h3><p><strong>Cookie-uri de sesiune:<\/strong> \u0218ters c\u00e2nd \u00eenchide\u021bi browserul<\/p><p><strong>Cookie-uri persistente:<\/strong> \u2013 Strict necesar: P\u00e2n\u0103 la 24 de ore \u2013 Func\u021bional: 30 de zile p\u00e2n\u0103 la 12 luni \u2013 Analiz\u0103: P\u00e2n\u0103 la 26 de luni (Google Analytics) \u2013 Marketing: P\u00e2n\u0103 la 90 de zile<\/p><p>Pute\u021bi \u0219terge cookie-urile manual prin set\u0103rile browserului dvs. \u00een orice moment.<\/p><h3>9. Actualiz\u0103ri ale acestei Politici privind cookie-urile<\/h3><p>Este posibil s\u0103 actualiz\u0103m aceast\u0103 Politic\u0103 privind cookie-urile pentru a reflecta: \u2013 Modific\u0103ri \u00een utilizarea cookie-urilor \u2013 Tehnologii noi \u2013 Cerin\u021be legale sau de reglementare<\/p><p><strong>Notificare:<\/strong> Actualiz\u0103rile vor fi postate pe aceast\u0103 pagin\u0103 cu o nou\u0103 dat\u0103 de \u201cUltima actualizare\u201d. Modific\u0103rile semnificative pot fi comunicate prin e-mail sau prin bannerul site-ului web.<\/p><p><strong>Responsabilitatea dumneavoastr\u0103:<\/strong> V\u0103 rug\u0103m s\u0103 revizui\u021bi periodic aceast\u0103 politic\u0103. Utilizarea \u00een continuare a site-ului nostru web dup\u0103 modific\u0103ri constituie acceptare.<\/p><h3>10. Confiden\u021bialitatea copiilor<\/h3><p>Site-ul nostru web nu este destinat copiilor sub 16 ani. Nu folosim \u00een mod con\u0219tient module cookie pentru a colecta date de la copii. Dac\u0103 suspecta\u021bi c\u0103 un copil a furnizat informa\u021bii prin intermediul site-ului nostru web, v\u0103 rug\u0103m s\u0103 ne contacta\u021bi imediat.<\/p><h3>11. Contacta\u021bi-ne<\/h3><p>Pentru \u00eentreb\u0103ri despre utilizarea cookie-urilor sau pentru a v\u0103 exercita drepturile:<\/p><p><strong>\u00centreb\u0103ri privind politica HELMIFY privind cookie-urile<\/strong> IZED BETAINVEST SRL str. Sarmisegetuza 17-19, Cluj-Napoca, Rom\u00e2nia<\/p><ul><li><strong>E-mail:<\/strong> support@helmify.com<\/li><li><strong>Telefon:<\/strong> +40 764 987 661<\/li><li><strong>Ore:<\/strong> Luni p\u00e2n\u0103 vineri, \u00eentre orele 9:00 \u0219i 18:00 (Ora Europei Centrale)<\/li><\/ul><p><strong>Autoritatea Rom\u00e2n\u0103 pentru Protec\u021bia Datelor:<\/strong> Autoritatea Na\u021bional\u0103 de Supraveghere a Prelucr\u0103rii Datelor cu Caracter Personal (ANSPDCP) Website: https:\/\/www.dataprotection.ro\/<\/p><h3>12. Tabel rezumativ: Cookie-uri pe care le folosim<\/h3><table width=\"100%\"><thead><tr><td width=\"132\"><p>Numele cookie-ului<\/p><\/td><td width=\"102\"><p>Categorie<\/p><\/td><td width=\"91\"><p>Scop<\/p><\/td><td width=\"102\"><p>Durat\u0103<\/p><\/td><td width=\"102\"><p>Furnizor<\/p><\/td><\/tr><\/thead><tbody><tr><td width=\"132\"><p>woocommerce_cart_hash<\/p><\/td><td width=\"102\"><p>Strict necesar<\/p><\/td><td width=\"91\"><p>Func\u021bionalitatea co\u0219ului de cump\u0103r\u0103turi<\/p><\/td><td width=\"102\"><p>Sesiune<\/p><\/td><td width=\"102\"><p>WooCommerce<\/p><\/td><\/tr><tr><td width=\"132\"><p>articole_woocommerce_\u00een_co\u0219<\/p><\/td><td width=\"102\"><p>Strict necesar<\/p><\/td><td width=\"91\"><p>Urm\u0103ri\u021bi articolele din co\u0219<\/p><\/td><td width=\"102\"><p>Sesiune<\/p><\/td><td width=\"102\"><p>WooCommerce<\/p><\/td><\/tr><tr><td width=\"132\"><p>wp_woocommerce_session_*<\/p><\/td><td width=\"102\"><p>Strict necesar<\/p><\/td><td width=\"91\"><p>Gestionarea sesiunilor utilizatorilor<\/p><\/td><td width=\"102\"><p>2 zile<\/p><\/td><td width=\"102\"><p>WooCommerce<\/p><\/td><\/tr><tr><td width=\"132\"><p>__stripe_mid<\/p><\/td><td width=\"102\"><p>Strict necesar<\/p><\/td><td width=\"91\"><p>Prevenirea fraudelor \u00een materie de pl\u0103\u021bi<\/p><\/td><td width=\"102\"><p>1 an<\/p><\/td><td width=\"102\"><p>Stripe<\/p><\/td><\/tr><tr><td width=\"132\"><p>__stripe_sid<\/p><\/td><td width=\"102\"><p>Strict necesar<\/p><\/td><td width=\"91\"><p>Sesiune de plat\u0103<\/p><\/td><td width=\"102\"><p>30 de minute<\/p><\/td><td width=\"102\"><p>Stripe<\/p><\/td><\/tr><tr><td width=\"132\"><p>Sesiune ZAKEKE<\/p><\/td><td width=\"102\"><p>Func\u021bionale<\/p><\/td><td width=\"91\"><p>Salva\u021bi configura\u021biile de proiectare<\/p><\/td><td width=\"102\"><p>Sesiune<\/p><\/td><td width=\"102\"><p>ZAKEKE<\/p><\/td><\/tr><tr><td width=\"132\"><p>_ga<\/p><\/td><td width=\"102\"><p>Analiz\u0103<\/p><\/td><td width=\"91\"><p>Urm\u0103rirea Google Analytics<\/p><\/td><td width=\"102\"><p>2 ani<\/p><\/td><td width=\"102\"><p>Google<\/p><\/td><\/tr><tr><td width=\"132\"><p>_gid<\/p><\/td><td width=\"102\"><p>Analiz\u0103<\/p><\/td><td width=\"91\"><p>Urm\u0103rirea Google Analytics<\/p><\/td><td width=\"102\"><p>24 de ore<\/p><\/td><td width=\"102\"><p>Google<\/p><\/td><\/tr><tr><td width=\"132\"><p>_gat<\/p><\/td><td width=\"102\"><p>Analiz\u0103<\/p><\/td><td width=\"91\"><p>Limitarea Google Analytics<\/p><\/td><td width=\"102\"><p>1 minut<\/p><\/td><td width=\"102\"><p>Google<\/p><\/td><\/tr><tr><td width=\"132\"><p>_gcl_*<\/p><\/td><td width=\"102\"><p>Marketing<\/p><\/td><td width=\"91\"><p>Urm\u0103rirea conversiilor Google Ads<\/p><\/td><td width=\"102\"><p>90 de zile<\/p><\/td><td width=\"102\"><p>Google<\/p><\/td><\/tr><tr><td width=\"132\"><p>_fbp<\/p><\/td><td width=\"102\"><p>Marketing<\/p><\/td><td width=\"91\"><p>Urm\u0103rirea pixelilor Facebook<\/p><\/td><td width=\"102\"><p>90 de zile<\/p><\/td><td width=\"102\"><p>Facebook<\/p><\/td><\/tr><\/tbody><\/table><p><strong>Prin continuarea utiliz\u0103rii site-ului nostru web, confirma\u021bi c\u0103 a\u021bi citit \u0219i a\u021bi \u00een\u021beles aceast\u0103 Politic\u0103 privind cookie-urile \u0219i sunte\u021bi de acord cu utilizarea cookie-urilor a\u0219a cum este descris.<\/strong><\/p>\t\t\t\t\t\t\t\t<\/div>\n\t\t\t\t\t<\/div>\n\t\t\t\t<\/div>\n\t\t\t\t<\/div>","protected":false},"excerpt":{"rendered":"<p>home Last Updated: 02\/11\/25 1. Introduction This Cookie Policy explains how HELMIFY (\u201cwe,\u201d \u201cus,\u201d or \u201cour\u201d) uses cookies and similar tracking technologies on our website. This policy should be read together with our Privacy Policy. Website Operator: &#8211; Business Name: IZED BETAINVEST SRL &#8211; Address: str. Sarmisegetuza 17-19, Cluj-Napoca, Romania &#8211; Email: support@helmify.com &#8211; Phone: [&hellip;]<\/p>\n","protected":false},"author":2,"featured_media":0,"parent":0,"menu_order":0,"comment_status":"closed","ping_status":"closed","template":"","meta":{"footnotes":""},"class_list":["post-1105","page","type-page","status-publish","hentry"],"_links":{"self":[{"href":"https:\/\/helmify.com\/ro\/wp-json\/wp\/v2\/pages\/1105","targetHints":{"allow":["GET"]}}],"collection":[{"href":"https:\/\/helmify.com\/ro\/wp-json\/wp\/v2\/pages"}],"about":[{"href":"https:\/\/helmify.com\/ro\/wp-json\/wp\/v2\/types\/page"}],"author":[{"embeddable":true,"href":"https:\/\/helmify.com\/ro\/wp-json\/wp\/v2\/users\/2"}],"replies":[{"embeddable":true,"href":"https:\/\/helmify.com\/ro\/wp-json\/wp\/v2\/comments?post=1105"}],"version-history":[{"count":7,"href":"https:\/\/helmify.com\/ro\/wp-json\/wp\/v2\/pages\/1105\/revisions"}],"predecessor-version":[{"id":1176,"href":"https:\/\/helmify.com\/ro\/wp-json\/wp\/v2\/pages\/1105\/revisions\/1176"}],"wp:attachment":[{"href":"https:\/\/helmify.com\/ro\/wp-json\/wp\/v2\/media?parent=1105"}],"curies":[{"name":"wp","href":"https:\/\/api.w.org\/{rel}","templated":true}]}}