{"id":1363,"date":"2025-11-28T16:24:19","date_gmt":"2025-11-28T14:24:19","guid":{"rendered":"https:\/\/helmify.com\/?post_type=product&#038;p=1363"},"modified":"2026-05-10T13:19:03","modified_gmt":"2026-05-10T11:19:03","slug":"beam","status":"publish","type":"product","link":"https:\/\/helmify.com\/ro\/product\/beam\/","title":{"rendered":"BEAM - Casc\u0103 premium pentru copii"},"content":{"rendered":"<p>Protec\u021bie premium pe care vor dori de fapt s\u0103 o poarte.<\/p>\n<p>BEAM ofer\u0103 o construc\u021bie premium \u00een matri\u021b\u0103 cu o diferen\u021b\u0103 crucial\u0103 care \u00eei entuziasmeaz\u0103 pe copii: ei o proiecteaz\u0103 singuri. Aceast\u0103 casc\u0103 u\u0219oar\u0103 (240-250gr) combin\u0103 tehnologia avansat\u0103 de siguran\u021b\u0103 cu func\u021bia LED integrat\u0103 op\u021bional\u0103 pe care copiii o ador\u0103.<\/p>\n<p>Carcasa din policarbonat premium \u0219i spuma EPS cu densitate dubl\u0103 ofer\u0103 aceea\u0219i tehnologie de protec\u021bie g\u0103sit\u0103 \u00een c\u0103\u0219tile de curse pentru adul\u021bi, dimensionat\u0103 perfect pentru capetele mai mici. Dou\u0103sprezece orificii de ventila\u021bie men\u021bin tinerii pilo\u021bi r\u0103coro\u0219i, \u00een timp ce sistemul de fixare u\u0219or de reglat cre\u0219te odat\u0103 cu ei de-a lungul mai multor sezoane.<\/p>\n<p>De ce iubesc copiii BEAM: Majoritatea c\u0103\u0219tilor pentru copii vin \u00een culori standard - ro\u0219u, albastru sau grafic\u0103 fix\u0103. BEAM le permite copiilor s\u0103-\u0219i aleag\u0103 propriile culori, s\u0103-\u0219i adauge numele, s\u0103 selecteze grafica care le place. Atunci c\u00e2nd copiii sunt \u00eenc\u00e2nta\u021bi de designul c\u0103\u0219tii lor, ei chiar vor s\u0103 o poarte. Aceasta este puterea personaliz\u0103rii - fabricat\u0103 \u00een Europa, proiectat\u0103 de ei.<\/p>\n<p>Specifica\u021bii tehnice:<br \/>\n- Carcas\u0103 premium din policarbonat turnat (aceea\u0219i tehnologie ca \u0219i c\u0103\u0219tile de curse pentru adul\u021bi)<br \/>\n- Spum\u0103 EPS de \u00eenalt\u0103 densitate pentru protec\u021bie superioar\u0103<br \/>\n- Sistem de iluminare LED integrat op\u021bional<br \/>\n- 12 g\u0103uri de ventila\u021bie optimizate pentru capetele mici<br \/>\n- Sistem de fixare u\u0219or reglabil cu plas\u0103 anti-insecte<br \/>\n- C\u0103ptu\u0219eal\u0103 de confort sigilat\u0103 deta\u0219abil\u0103<br \/>\n- Greutate redus\u0103: 240-250gr<br \/>\n- M\u0103rimi: XS (47-52cm), SM (52-56cm)<br \/>\n- Certificat EN1078:2012+A1:2012<\/p>\n<p><em><strong>Perfect pentru: Biciclete pentru copii, skateboarding, trotinete, patinaj, joac\u0103 activ\u0103!\u00a0<\/strong><\/em><\/p>\n<p>Pentru a desc\u0103rca certificarea pentru BEAM, face\u021bi clic pe <a href=\"https:\/\/helmify.com\/wp-content\/uploads\/2025\/11\/CERT.BEAM_.H78009A.pdf\" target=\"_blank\" rel=\"noopener\">AICI<\/a>.<\/p>","protected":false},"excerpt":{"rendered":"<p>Casc\u0103 premium pentru copii cu design ultrau\u0219or, 12 guri de aerisire, LED op\u021bional \u0219i personalizare complet\u0103. Sigur\u0103, confortabil\u0103 \u0219i certificat\u0103 EN1078 pentru condusul zilnic.<\/p>\n<p><em>De la <strong>\u20ac70,00<\/strong> Pre\u021bul final depinde de personalizare \u0219i de num\u0103rul total de buc\u0103\u021bi: \u00eenregistreaz\u0103-te pentru a accesa reducerile noastre!<\/em><\/p>","protected":false},"featured_media":2376,"comment_status":"closed","ping_status":"closed","template":"","meta":[],"product_brand":[],"product_cat":[41,62,38,37],"product_tag":[],"class_list":{"0":"post-1363","1":"product","2":"type-product","3":"status-publish","4":"has-post-thumbnail","6":"product_cat-kids","7":"product_cat-beam","8":"product_cat-cycling","9":"product_cat-urban","11":"first","12":"instock","13":"shipping-taxable","14":"purchasable","15":"product-type-simple","16":"product-type-zakeke","17":"product-type-external"},"_links":{"self":[{"href":"https:\/\/helmify.com\/ro\/wp-json\/wp\/v2\/product\/1363","targetHints":{"allow":["GET"]}}],"collection":[{"href":"https:\/\/helmify.com\/ro\/wp-json\/wp\/v2\/product"}],"about":[{"href":"https:\/\/helmify.com\/ro\/wp-json\/wp\/v2\/types\/product"}],"replies":[{"embeddable":true,"href":"https:\/\/helmify.com\/ro\/wp-json\/wp\/v2\/comments?post=1363"}],"wp:featuredmedia":[{"embeddable":true,"href":"https:\/\/helmify.com\/ro\/wp-json\/wp\/v2\/media\/2376"}],"wp:attachment":[{"href":"https:\/\/helmify.com\/ro\/wp-json\/wp\/v2\/media?parent=1363"}],"wp:term":[{"taxonomy":"product_brand","embeddable":true,"href":"https:\/\/helmify.com\/ro\/wp-json\/wp\/v2\/product_brand?post=1363"},{"taxonomy":"product_cat","embeddable":true,"href":"https:\/\/helmify.com\/ro\/wp-json\/wp\/v2\/product_cat?post=1363"},{"taxonomy":"product_tag","embeddable":true,"href":"https:\/\/helmify.com\/ro\/wp-json\/wp\/v2\/product_tag?post=1363"}],"curies":[{"name":"wp","href":"https:\/\/api.w.org\/{rel}","templated":true}]}}